{"id":7,"date":"2020-01-01T12:00:05","date_gmt":"2020-01-01T11:00:05","guid":{"rendered":"http:\/\/stockholmvaccin.se\/sv\/?page_id=7"},"modified":"2026-04-11T13:51:47","modified_gmt":"2026-04-11T11:51:47","slug":"om-oss","status":"publish","type":"page","link":"https:\/\/stockholmvaccin.se\/sv\/","title":{"rendered":"Om oss"},"content":{"rendered":"\n<p>P\u00e5 v\u00e5r mottagning kan du vaccinera dig inf\u00f6r resor inom Europa och \u00f6vriga v\u00e4rlden. Du kan \u00e4ven vaccinera dig mot RS-virus, lunginflammation, TBE, vattkoppor, m\u00e4ssling, kikhosta\/difteri\/stelkramp, HPV, m.m.<\/p>\n\n\n\n<p>Vi har g\u00e5tt vidareutbildning p\u00e5 <abbr title=\"School of Oriental and African Studies\">SOAS<\/abbr>, University of London. Kom in till oss och f\u00e5 information om det senaste inom resemedicin. Du kan ocks\u00e5 k\u00f6pa impregnerade myggn\u00e4t, myggspray och st\u00f6dstrumpor f\u00f6r l\u00e5ngflygningar.<\/p>\n\n\n\n<p class=\"has-text-align-left\"><a title=\"International Society of Travel Medicine - Certificate in Travel Health\" href=\"http:\/\/www.istm.org\/aboutcth\" target=\"_blank\" rel=\"noopener noreferrer\"><img loading=\"lazy\" decoding=\"async\" class=\"alignnone\" src=\"\/\/media.stockholmvaccin.se\/cthlogga.jpg\" alt=\"CTH logga\" width=\"80\" height=\"31\"\/><\/a>&nbsp; Charlotta, sjuksk\u00f6terska hos oss, skrev <abbr title=\"International Society of Travel Medicine\">ISTM<\/abbr> exam. <abbr title=\"Certificate in Travel Health\">CTH<\/abbr><sup>\u00ae<\/sup> 2 maj 2012 i Singapore.<\/p>\n\n\n\n<p>Kom p\u00e5 Drop-in, korta v\u00e4ntetider.<br \/>M\u00e5 \u2013 Fr\u00a0 8-18 <br \/>L\u00f6\u00a0 10-14 <em><mark style=\"background-color:rgba(0, 0, 0, 0);color:#e40808\" class=\"has-inline-color\"><\/mark><mark style=\"background-color:rgba(0, 0, 0, 0);color:#ed1515\" class=\"has-inline-color\"><\/mark><\/em> <\/p>\n\n\n\n<p><\/p>\n\n\n\n<figure class=\"wp-block-gallery has-nested-images columns-default is-cropped wp-block-gallery-1 is-layout-flex wp-block-gallery-is-layout-flex\">\n<figure class=\"wp-block-image size-large\"><img loading=\"lazy\" decoding=\"async\" width=\"870\" height=\"580\" data-id=\"2272\" src=\"https:\/\/media.stockholmvaccin.se\/SVL12-1.jpg\" alt=\"\" class=\"wp-image-2272\" srcset=\"https:\/\/media.stockholmvaccin.se\/SVL12-1.jpg 870w, https:\/\/media.stockholmvaccin.se\/SVL12-1-300x200.jpg 300w, https:\/\/media.stockholmvaccin.se\/SVL12-1-575x383.jpg 575w, https:\/\/media.stockholmvaccin.se\/SVL12-1-380x253.jpg 380w\" sizes=\"auto, (max-width: 870px) 100vw, 870px\" \/><\/figure>\n\n\n\n<figure class=\"wp-block-image size-large\"><img loading=\"lazy\" decoding=\"async\" width=\"870\" height=\"580\" data-id=\"2266\" src=\"https:\/\/media.stockholmvaccin.se\/SVL14-1.jpg\" alt=\"\" class=\"wp-image-2266\" srcset=\"https:\/\/media.stockholmvaccin.se\/SVL14-1.jpg 870w, https:\/\/media.stockholmvaccin.se\/SVL14-1-300x200.jpg 300w, https:\/\/media.stockholmvaccin.se\/SVL14-1-575x383.jpg 575w, https:\/\/media.stockholmvaccin.se\/SVL14-1-380x253.jpg 380w\" sizes=\"auto, (max-width: 870px) 100vw, 870px\" \/><\/figure>\n<\/figure>\n","protected":false},"excerpt":{"rendered":"<p>P\u00e5 v\u00e5r mottagning kan du vaccinera dig inf\u00f6r resor inom Europa och \u00f6vriga v\u00e4rlden. Du kan \u00e4ven vaccinera dig mot RS-virus, lunginflammation, TBE, vattkoppor, m\u00e4ssling, kikhosta\/difteri\/stelkramp, HPV, m.m. Vi har [&hellip;]<\/p>\n","protected":false},"author":2,"featured_media":2271,"parent":0,"menu_order":0,"comment_status":"closed","ping_status":"closed","template":"","meta":{"footnotes":""},"class_list":["post-7","page","type-page","status-publish","has-post-thumbnail","hentry"],"_links":{"self":[{"href":"https:\/\/stockholmvaccin.se\/sv\/wp-json\/wp\/v2\/pages\/7","targetHints":{"allow":["GET"]}}],"collection":[{"href":"https:\/\/stockholmvaccin.se\/sv\/wp-json\/wp\/v2\/pages"}],"about":[{"href":"https:\/\/stockholmvaccin.se\/sv\/wp-json\/wp\/v2\/types\/page"}],"author":[{"embeddable":true,"href":"https:\/\/stockholmvaccin.se\/sv\/wp-json\/wp\/v2\/users\/2"}],"replies":[{"embeddable":true,"href":"https:\/\/stockholmvaccin.se\/sv\/wp-json\/wp\/v2\/comments?post=7"}],"version-history":[{"count":173,"href":"https:\/\/stockholmvaccin.se\/sv\/wp-json\/wp\/v2\/pages\/7\/revisions"}],"predecessor-version":[{"id":2838,"href":"https:\/\/stockholmvaccin.se\/sv\/wp-json\/wp\/v2\/pages\/7\/revisions\/2838"}],"wp:featuredmedia":[{"embeddable":true,"href":"https:\/\/stockholmvaccin.se\/sv\/wp-json\/wp\/v2\/media\/2271"}],"wp:attachment":[{"href":"https:\/\/stockholmvaccin.se\/sv\/wp-json\/wp\/v2\/media?parent=7"}],"curies":[{"name":"wp","href":"https:\/\/api.w.org\/{rel}","templated":true}]}}