{"id":287,"date":"2020-01-01T12:00:42","date_gmt":"2020-01-01T11:00:42","guid":{"rendered":"http:\/\/stockholmvaccin.se\/sv\/?page_id=287"},"modified":"2026-04-28T15:20:40","modified_gmt":"2026-04-28T13:20:40","slug":"aktuellt","status":"publish","type":"page","link":"https:\/\/stockholmvaccin.se\/sv\/aktuellt\/","title":{"rendered":"Aktuellt"},"content":{"rendered":"\n<p><\/p>\n\n\n\n<ul class=\"wp-block-list\">\n<li><strong>TBE-vaccin (f\u00e4sting):<\/strong> <br \/>Vuxen: <strong>450 kr.<\/strong> <br \/>Barn: <strong>400 kr.<\/strong> <br \/><em><mark style=\"background-color:rgba(0, 0, 0, 0);color:#ee1212\" class=\"has-inline-color\">OBS! Gratis f\u00f6r barn f\u00f6dda 2018 &#8211; 2023 inom Region Stockholm. <\/mark>G\u00e4ller fr\u00e5n 1\/5.<\/em><\/li>\n<\/ul>\n\n\n\n<ul class=\"wp-block-list\">\n<li><strong>Chikungunya-vaccin (Ixchiq):<\/strong> <br \/>Vi tillhandah\u00e5ller inte l\u00e4ngre detta vaccin p.g.a. att nyttan inte \u00f6verv\u00e4ger risken f\u00f6r biverkningar. Vaccinet \u00e4r indraget i USA, vi f\u00f6ljer utvecklingen.<\/li>\n<\/ul>\n\n\n\n<ul class=\"wp-block-list\">\n<li><strong>RS-vaccin gravida:<\/strong> <br \/>\u00c4r du ber\u00e4knad mellan 15\/5-15\/9 kommer inte RS-l\u00e4kemedlet Beyfortus ges till ditt nyf\u00f6dda barn. Vill du att ditt barn ska f\u00e5 skydd mot RS-virus m\u00e5ste du ta vaccin i graviditetsvecka 24-36. Abrysvo <strong>1895 kr.<\/strong><\/li>\n<\/ul>\n\n\n\n<ul class=\"wp-block-list\">\n<li><strong>Kikhosta f\u00f6r gravida:<\/strong> <br \/>Gratis vaccin fr\u00e5n graviditetsvecka 16.<\/li>\n<\/ul>\n\n\n\n<ul class=\"wp-block-list\">\n<li><strong>B\u00e4ltros (Shingrix):<\/strong> <br \/>Pris\/dos <strong>2450 kr.<\/strong> <em><mark style=\"background-color:rgba(0, 0, 0, 0);color:#ea0707\" class=\"has-inline-color\">Tillf\u00e4lligt slut.<\/mark><\/em><\/li>\n<\/ul>\n\n\n\n<ul class=\"wp-block-list\">\n<li><strong>Vaccin mot vattkoppor:<\/strong> <br \/>F\u00f6r barn (fr\u00e5n 9 m\u00e5n.) och vuxna <strong>860 kr.<\/strong><\/li>\n<\/ul>\n\n\n\n<ul class=\"wp-block-list\">\n<li><strong>Bexsero &#8211; vaccin mot meningokocker grupp B:<\/strong> <br \/>Mot hj\u00e4rnhinneinflammation\/sepsis, f\u00f6r barn (fr\u00e5n 2 m\u00e5n.) och studenter som pluggar och bor p\u00e5 campus utomlands: <strong>1700 kr.<\/strong> <\/li>\n<\/ul>\n\n\n\n<hr class=\"wp-block-separator has-alpha-channel-opacity\"\/>\n\n\n\n<figure class=\"wp-block-gallery has-nested-images columns-default is-cropped wp-block-gallery-1 is-layout-flex wp-block-gallery-is-layout-flex\">\n<figure class=\"wp-block-image size-full\"><img loading=\"lazy\" decoding=\"async\" width=\"504\" height=\"610\" data-id=\"2270\" src=\"https:\/\/media.stockholmvaccin.se\/1dSVL-8-1.jpg\" alt=\"\" class=\"wp-image-2270\" srcset=\"https:\/\/media.stockholmvaccin.se\/1dSVL-8-1.jpg 504w, https:\/\/media.stockholmvaccin.se\/1dSVL-8-1-248x300.jpg 248w, https:\/\/media.stockholmvaccin.se\/1dSVL-8-1-380x460.jpg 380w\" sizes=\"auto, (max-width: 504px) 100vw, 504px\" \/><\/figure>\n\n\n\n<figure class=\"wp-block-image size-full\"><img loading=\"lazy\" decoding=\"async\" width=\"533\" height=\"800\" data-id=\"2267\" src=\"https:\/\/media.stockholmvaccin.se\/SVL22-1.jpg\" alt=\"\" class=\"wp-image-2267\" srcset=\"https:\/\/media.stockholmvaccin.se\/SVL22-1.jpg 533w, https:\/\/media.stockholmvaccin.se\/SVL22-1-200x300.jpg 200w, https:\/\/media.stockholmvaccin.se\/SVL22-1-380x570.jpg 380w\" sizes=\"auto, (max-width: 533px) 100vw, 533px\" \/><\/figure>\n\n\n\n<figure class=\"wp-block-image size-full is-style-default\"><img loading=\"lazy\" decoding=\"async\" width=\"533\" height=\"800\" data-id=\"2268\" src=\"https:\/\/media.stockholmvaccin.se\/SVL23-1.jpg\" alt=\"\" class=\"wp-image-2268\" srcset=\"https:\/\/media.stockholmvaccin.se\/SVL23-1.jpg 533w, https:\/\/media.stockholmvaccin.se\/SVL23-1-200x300.jpg 200w, https:\/\/media.stockholmvaccin.se\/SVL23-1-380x570.jpg 380w\" sizes=\"auto, (max-width: 533px) 100vw, 533px\" \/><\/figure>\n<\/figure>\n","protected":false},"excerpt":{"rendered":"","protected":false},"author":2,"featured_media":0,"parent":0,"menu_order":0,"comment_status":"closed","ping_status":"closed","template":"","meta":{"footnotes":""},"class_list":["post-287","page","type-page","status-publish","hentry"],"_links":{"self":[{"href":"https:\/\/stockholmvaccin.se\/sv\/wp-json\/wp\/v2\/pages\/287","targetHints":{"allow":["GET"]}}],"collection":[{"href":"https:\/\/stockholmvaccin.se\/sv\/wp-json\/wp\/v2\/pages"}],"about":[{"href":"https:\/\/stockholmvaccin.se\/sv\/wp-json\/wp\/v2\/types\/page"}],"author":[{"embeddable":true,"href":"https:\/\/stockholmvaccin.se\/sv\/wp-json\/wp\/v2\/users\/2"}],"replies":[{"embeddable":true,"href":"https:\/\/stockholmvaccin.se\/sv\/wp-json\/wp\/v2\/comments?post=287"}],"version-history":[{"count":211,"href":"https:\/\/stockholmvaccin.se\/sv\/wp-json\/wp\/v2\/pages\/287\/revisions"}],"predecessor-version":[{"id":2858,"href":"https:\/\/stockholmvaccin.se\/sv\/wp-json\/wp\/v2\/pages\/287\/revisions\/2858"}],"wp:attachment":[{"href":"https:\/\/stockholmvaccin.se\/sv\/wp-json\/wp\/v2\/media?parent=287"}],"curies":[{"name":"wp","href":"https:\/\/api.w.org\/{rel}","templated":true}]}}