{"id":11,"date":"2020-01-01T12:00:02","date_gmt":"2020-01-01T11:00:02","guid":{"rendered":"http:\/\/stockholmvaccin.se\/sv\/?page_id=11"},"modified":"2026-04-28T14:43:10","modified_gmt":"2026-04-28T12:43:10","slug":"kontakt","status":"publish","type":"page","link":"https:\/\/stockholmvaccin.se\/sv\/kontakt\/","title":{"rendered":"Kontakta oss"},"content":{"rendered":"\n<p><strong>STOCKHOLM VACCIN-L\u00c4TTAKUT<\/strong><br \/>Sankt Eriksplan 6<br \/>113 20 Stockholm<br \/><a title=\"Ring\" href=\"tel:00468314848\">Tel: 08-31 48 48<\/a><br \/><a title=\"Stockholm Vaccin-L\u00e4ttakut\" href=\"\/\/www.stockholmvaccin.se\">www.stockholmvaccin.se<\/a><\/p>\n\n\n\n<p>Kom p\u00e5 Drop-in, korta v\u00e4ntetider. <br \/>M\u00e5 &#8211; Fr 8 &#8211; 18, L\u00f6 10 &#8211; 14. <em><mark style=\"background-color:rgba(0, 0, 0, 0);color:#ec0c0c\" class=\"has-inline-color\"><\/mark><mark style=\"background-color:rgba(0, 0, 0, 0);color:#f10d0d\" class=\"has-inline-color\"><\/mark><\/em> <em><mark style=\"background-color:rgba(0, 0, 0, 0);color:#e70d0d\" class=\"has-inline-color\">St\u00e4ngt fredag 1 maj<\/mark><\/em><\/p>\n\n\n\n<p><em><mark style=\"background-color:rgba(0, 0, 0, 0);color:#f41010\" class=\"has-inline-color\"><\/mark><\/em><iframe src=\"https:\/\/www.google.com\/maps\/embed?pb=!1m14!1m8!1m3!1d403.7155287383582!2d18.037866955423308!3d59.33965414916113!3m2!1i1024!2i768!4f13.1!3m3!1m2!1s0x465f9d7a34ccfeb5%3A0x2ab465936a5291b3!2sSankt%20Eriksplan%206A%2C%20113%2020%20Stockholm%2C%20Sverige!5e0!3m2!1ssv!2sus!4v1694374237405!5m2!1ssv!2sus\" style=\"border:0;\" allowfullscreen=\"\" loading=\"lazy\" referrerpolicy=\"no-referrer-when-downgrade\" width=\"800\" height=\"512\"><\/iframe><br \/>Tunnelbana: Sankt Eriksplan (gr\u00f6na linjen) <br \/>Buss: Linje 3, 4 och 5 stannar utanf\u00f6r v\u00e5r mottagning.<br \/><a title=\"Geografiska koordinatsystem\" href=\"geo:59.33976,18.03766?z=19\">Koordinater<\/a><\/p>\n\n\n\n<hr class=\"wp-block-separator has-alpha-channel-opacity\"\/>\n\n\n\n<figure class=\"wp-block-image\"><img loading=\"lazy\" decoding=\"async\" width=\"870\" height=\"580\" src=\"https:\/\/media.stockholmvaccin.se\/SVL13-1.jpg\" alt=\"Copyright \u00a9 Stockholm Vaccin-L\u00e4ttakut\" class=\"wp-image-2265\" srcset=\"https:\/\/media.stockholmvaccin.se\/SVL13-1.jpg 870w, https:\/\/media.stockholmvaccin.se\/SVL13-1-300x200.jpg 300w, https:\/\/media.stockholmvaccin.se\/SVL13-1-575x383.jpg 575w, https:\/\/media.stockholmvaccin.se\/SVL13-1-380x253.jpg 380w\" sizes=\"auto, (max-width: 870px) 100vw, 870px\" \/><\/figure>\n","protected":false},"excerpt":{"rendered":"<p>STOCKHOLM VACCIN-L\u00c4TTAKUTSankt Eriksplan 6113 20 StockholmTel: 08-31 48 48www.stockholmvaccin.se Kom p\u00e5 Drop-in, korta v\u00e4ntetider. M\u00e5 &#8211; Fr 8 &#8211; 18, L\u00f6 10 &#8211; 14. St\u00e4ngt fredag 1 maj Tunnelbana: Sankt [&hellip;]<\/p>\n","protected":false},"author":2,"featured_media":0,"parent":0,"menu_order":0,"comment_status":"closed","ping_status":"closed","template":"","meta":{"footnotes":""},"class_list":["post-11","page","type-page","status-publish","hentry"],"_links":{"self":[{"href":"https:\/\/stockholmvaccin.se\/sv\/wp-json\/wp\/v2\/pages\/11","targetHints":{"allow":["GET"]}}],"collection":[{"href":"https:\/\/stockholmvaccin.se\/sv\/wp-json\/wp\/v2\/pages"}],"about":[{"href":"https:\/\/stockholmvaccin.se\/sv\/wp-json\/wp\/v2\/types\/page"}],"author":[{"embeddable":true,"href":"https:\/\/stockholmvaccin.se\/sv\/wp-json\/wp\/v2\/users\/2"}],"replies":[{"embeddable":true,"href":"https:\/\/stockholmvaccin.se\/sv\/wp-json\/wp\/v2\/comments?post=11"}],"version-history":[{"count":69,"href":"https:\/\/stockholmvaccin.se\/sv\/wp-json\/wp\/v2\/pages\/11\/revisions"}],"predecessor-version":[{"id":2855,"href":"https:\/\/stockholmvaccin.se\/sv\/wp-json\/wp\/v2\/pages\/11\/revisions\/2855"}],"wp:attachment":[{"href":"https:\/\/stockholmvaccin.se\/sv\/wp-json\/wp\/v2\/media?parent=11"}],"curies":[{"name":"wp","href":"https:\/\/api.w.org\/{rel}","templated":true}]}}